{"id":52792,"date":"2015-03-25T14:57:36","date_gmt":"2015-03-25T14:57:36","guid":{"rendered":"http:\/\/ccsupport.biz\/cs\/home\/"},"modified":"2015-12-25T01:19:55","modified_gmt":"2015-12-25T00:19:55","slug":"home","status":"publish","type":"page","link":"https:\/\/ccsupport.biz\/cs\/","title":{"rendered":"DOM\u016e"},"content":{"rendered":"<h3>Postarajte se o sv\u016fj mobiln\u00ed \u00fa\u010det<\/h3>\n<p>Jednoduch\u00e9 sledov\u00e1n\u00ed transakc\u00ed nebo zru\u0161en\u00ed p\u0159edplatn\u00e9ho, kter\u00fd jsou \u00fa\u010dtov\u00e1ny na v\u00e1\u0161 mobiln\u00ed \u00fa\u010det. P\u0159ihl\u00e1\u0161en\u00ed je snadn\u00e9 jenom pomoc\u00ed v\u00e1\u0161\u00e9ho telefonn\u00edho \u010d\u00edsla. Jakmile se p\u0159hl\u00e1s\u00edte, m\u016f\u017eete vid\u011bt v\u0161echny transakce a s lehkost\u00ed spravovat p\u0159edplatn\u00e9.<\/p>\n","protected":false},"excerpt":{"rendered":"<p>Postarajte se o sv\u016fj mobiln\u00ed \u00fa\u010det Jednoduch\u00e9 sledov\u00e1n\u00ed transakc\u00ed nebo zru\u0161en\u00ed p\u0159edplatn\u00e9ho, kter\u00fd jsou \u00fa\u010dtov\u00e1ny na v\u00e1\u0161 mobiln\u00ed \u00fa\u010det. P\u0159ihl\u00e1\u0161en\u00ed je snadn\u00e9 jenom pomoc\u00ed v\u00e1\u0161\u00e9ho telefonn\u00edho \u010d\u00edsla. Jakmile se p\u0159hl\u00e1s\u00edte, m\u016f\u017eete vid\u011bt v\u0161echny transakce a s lehkost\u00ed spravovat p\u0159edplatn\u00e9.<\/p>\n","protected":false},"author":2,"featured_media":0,"parent":0,"menu_order":0,"comment_status":"open","ping_status":"closed","template":"template-homepage.php","meta":[],"yoast_head":"<!-- This site is optimized with the Yoast SEO plugin v18.6 - https:\/\/yoast.com\/wordpress\/plugins\/seo\/ -->\n<title>DOM\u016e - CC Support<\/title>\n<meta name=\"robots\" content=\"noindex, follow, max-snippet:-1, max-image-preview:large, max-video-preview:-1\" \/>\n<meta property=\"og:locale\" content=\"cs_CZ\" \/>\n<meta property=\"og:type\" content=\"article\" \/>\n<meta property=\"og:title\" content=\"DOM\u016e - CC Support\" \/>\n<meta property=\"og:description\" content=\"Postarajte se o sv\u016fj mobiln\u00ed \u00fa\u010det Jednoduch\u00e9 sledov\u00e1n\u00ed transakc\u00ed nebo zru\u0161en\u00ed p\u0159edplatn\u00e9ho, kter\u00fd jsou \u00fa\u010dtov\u00e1ny na v\u00e1\u0161 mobiln\u00ed \u00fa\u010det. P\u0159ihl\u00e1\u0161en\u00ed je snadn\u00e9 jenom pomoc\u00ed v\u00e1\u0161\u00e9ho telefonn\u00edho \u010d\u00edsla. Jakmile se p\u0159hl\u00e1s\u00edte, m\u016f\u017eete vid\u011bt v\u0161echny transakce a s lehkost\u00ed spravovat p\u0159edplatn\u00e9.\" \/>\n<meta property=\"og:url\" content=\"https:\/\/ccsupport.biz\/cs\/\" \/>\n<meta property=\"og:site_name\" content=\"CC Support\" \/>\n<meta property=\"article:modified_time\" content=\"2015-12-25T00:19:55+00:00\" \/>\n<script type=\"application\/ld+json\" class=\"yoast-schema-graph\">{\"@context\":\"https:\/\/schema.org\",\"@graph\":[{\"@type\":\"WebSite\",\"@id\":\"https:\/\/ccsupport.biz\/#website\",\"url\":\"https:\/\/ccsupport.biz\/\",\"name\":\"CC Support\",\"description\":\"\",\"potentialAction\":[{\"@type\":\"SearchAction\",\"target\":{\"@type\":\"EntryPoint\",\"urlTemplate\":\"https:\/\/ccsupport.biz\/?s={search_term_string}\"},\"query-input\":\"required name=search_term_string\"}],\"inLanguage\":\"cs-CZ\"},{\"@type\":\"WebPage\",\"@id\":\"https:\/\/ccsupport.biz\/cs\/#webpage\",\"url\":\"https:\/\/ccsupport.biz\/cs\/\",\"name\":\"DOM\u016e - CC Support\",\"isPartOf\":{\"@id\":\"https:\/\/ccsupport.biz\/#website\"},\"datePublished\":\"2015-03-25T14:57:36+00:00\",\"dateModified\":\"2015-12-25T00:19:55+00:00\",\"breadcrumb\":{\"@id\":\"https:\/\/ccsupport.biz\/cs\/#breadcrumb\"},\"inLanguage\":\"cs-CZ\",\"potentialAction\":[{\"@type\":\"ReadAction\",\"target\":[\"https:\/\/ccsupport.biz\/cs\/\"]}]},{\"@type\":\"BreadcrumbList\",\"@id\":\"https:\/\/ccsupport.biz\/cs\/#breadcrumb\",\"itemListElement\":[{\"@type\":\"ListItem\",\"position\":1,\"name\":\"Home\",\"item\":\"https:\/\/ccsupport.biz\/cs\/\"},{\"@type\":\"ListItem\",\"position\":2,\"name\":\"DOM\u016e\"}]}]}<\/script>\n<!-- \/ Yoast SEO plugin. -->","yoast_head_json":{"title":"DOM\u016e - CC Support","robots":{"index":"noindex","follow":"follow","max-snippet":"max-snippet:-1","max-image-preview":"max-image-preview:large","max-video-preview":"max-video-preview:-1"},"og_locale":"cs_CZ","og_type":"article","og_title":"DOM\u016e - CC Support","og_description":"Postarajte se o sv\u016fj mobiln\u00ed \u00fa\u010det Jednoduch\u00e9 sledov\u00e1n\u00ed transakc\u00ed nebo zru\u0161en\u00ed p\u0159edplatn\u00e9ho, kter\u00fd jsou \u00fa\u010dtov\u00e1ny na v\u00e1\u0161 mobiln\u00ed \u00fa\u010det. P\u0159ihl\u00e1\u0161en\u00ed je snadn\u00e9 jenom pomoc\u00ed v\u00e1\u0161\u00e9ho telefonn\u00edho \u010d\u00edsla. Jakmile se p\u0159hl\u00e1s\u00edte, m\u016f\u017eete vid\u011bt v\u0161echny transakce a s lehkost\u00ed spravovat p\u0159edplatn\u00e9.","og_url":"https:\/\/ccsupport.biz\/cs\/","og_site_name":"CC Support","article_modified_time":"2015-12-25T00:19:55+00:00","schema":{"@context":"https:\/\/schema.org","@graph":[{"@type":"WebSite","@id":"https:\/\/ccsupport.biz\/#website","url":"https:\/\/ccsupport.biz\/","name":"CC Support","description":"","potentialAction":[{"@type":"SearchAction","target":{"@type":"EntryPoint","urlTemplate":"https:\/\/ccsupport.biz\/?s={search_term_string}"},"query-input":"required name=search_term_string"}],"inLanguage":"cs-CZ"},{"@type":"WebPage","@id":"https:\/\/ccsupport.biz\/cs\/#webpage","url":"https:\/\/ccsupport.biz\/cs\/","name":"DOM\u016e - CC Support","isPartOf":{"@id":"https:\/\/ccsupport.biz\/#website"},"datePublished":"2015-03-25T14:57:36+00:00","dateModified":"2015-12-25T00:19:55+00:00","breadcrumb":{"@id":"https:\/\/ccsupport.biz\/cs\/#breadcrumb"},"inLanguage":"cs-CZ","potentialAction":[{"@type":"ReadAction","target":["https:\/\/ccsupport.biz\/cs\/"]}]},{"@type":"BreadcrumbList","@id":"https:\/\/ccsupport.biz\/cs\/#breadcrumb","itemListElement":[{"@type":"ListItem","position":1,"name":"Home","item":"https:\/\/ccsupport.biz\/cs\/"},{"@type":"ListItem","position":2,"name":"DOM\u016e"}]}]}},"_links":{"self":[{"href":"https:\/\/ccsupport.biz\/cs\/wp-json\/wp\/v2\/pages\/52792"}],"collection":[{"href":"https:\/\/ccsupport.biz\/cs\/wp-json\/wp\/v2\/pages"}],"about":[{"href":"https:\/\/ccsupport.biz\/cs\/wp-json\/wp\/v2\/types\/page"}],"author":[{"embeddable":true,"href":"https:\/\/ccsupport.biz\/cs\/wp-json\/wp\/v2\/users\/2"}],"replies":[{"embeddable":true,"href":"https:\/\/ccsupport.biz\/cs\/wp-json\/wp\/v2\/comments?post=52792"}],"version-history":[{"count":0,"href":"https:\/\/ccsupport.biz\/cs\/wp-json\/wp\/v2\/pages\/52792\/revisions"}],"wp:attachment":[{"href":"https:\/\/ccsupport.biz\/cs\/wp-json\/wp\/v2\/media?parent=52792"}],"curies":[{"name":"wp","href":"https:\/\/api.w.org\/{rel}","templated":true}]}}