{"id":52788,"date":"2015-03-25T14:57:36","date_gmt":"2015-03-25T14:57:36","guid":{"rendered":"http:\/\/ccsupport.biz\/da\/home\/"},"modified":"2015-12-25T01:08:59","modified_gmt":"2015-12-25T00:08:59","slug":"home","status":"publish","type":"page","link":"https:\/\/ccsupport.biz\/da\/","title":{"rendered":"FORSIDE"},"content":{"rendered":"<h3>Tag ansvar for din mobiltelefon regning<\/h3>\n<p>Se transaktioner eller annuller abonnementer, der er opkr\u00e6vet p\u00e5 din mobiltelefon regning. Det er simpelt. Log ind med at bruge dit telefonnummer. Det er ikke n\u00f8dvendigt at bruge andre oplysninger eller registrering. N\u00e5r du logger ind, kan du se alle transaktioner og administrere abonnementer med lethed.<\/p>\n","protected":false},"excerpt":{"rendered":"<p>Tag ansvar for din mobiltelefon regning Se transaktioner eller annuller abonnementer, der er opkr\u00e6vet p\u00e5 din mobiltelefon regning. Det er simpelt. Log ind med at bruge dit telefonnummer. Det er ikke n\u00f8dvendigt at bruge andre oplysninger eller registrering. N\u00e5r du logger ind, kan du se alle transaktioner og administrere abonnementer med lethed.<\/p>\n","protected":false},"author":2,"featured_media":0,"parent":0,"menu_order":0,"comment_status":"open","ping_status":"closed","template":"template-homepage.php","meta":[],"yoast_head":"<!-- This site is optimized with the Yoast SEO plugin v18.6 - https:\/\/yoast.com\/wordpress\/plugins\/seo\/ -->\n<title>FORSIDE - CC Support<\/title>\n<meta name=\"robots\" content=\"noindex, follow, max-snippet:-1, max-image-preview:large, max-video-preview:-1\" \/>\n<meta property=\"og:locale\" content=\"da_DK\" \/>\n<meta property=\"og:type\" content=\"article\" \/>\n<meta property=\"og:title\" content=\"FORSIDE - CC Support\" \/>\n<meta property=\"og:description\" content=\"Tag ansvar for din mobiltelefon regning Se transaktioner eller annuller abonnementer, der er opkr\u00e6vet p\u00e5 din mobiltelefon regning. Det er simpelt. Log ind med at bruge dit telefonnummer. Det er ikke n\u00f8dvendigt at bruge andre oplysninger eller registrering. N\u00e5r du logger ind, kan du se alle transaktioner og administrere abonnementer med lethed.\" \/>\n<meta property=\"og:url\" content=\"https:\/\/ccsupport.biz\/da\/\" \/>\n<meta property=\"og:site_name\" content=\"CC Support\" \/>\n<meta property=\"article:modified_time\" content=\"2015-12-25T00:08:59+00:00\" \/>\n<script type=\"application\/ld+json\" class=\"yoast-schema-graph\">{\"@context\":\"https:\/\/schema.org\",\"@graph\":[{\"@type\":\"WebSite\",\"@id\":\"https:\/\/ccsupport.biz\/#website\",\"url\":\"https:\/\/ccsupport.biz\/\",\"name\":\"CC Support\",\"description\":\"\",\"potentialAction\":[{\"@type\":\"SearchAction\",\"target\":{\"@type\":\"EntryPoint\",\"urlTemplate\":\"https:\/\/ccsupport.biz\/?s={search_term_string}\"},\"query-input\":\"required name=search_term_string\"}],\"inLanguage\":\"da-DK\"},{\"@type\":\"WebPage\",\"@id\":\"https:\/\/ccsupport.biz\/da\/#webpage\",\"url\":\"https:\/\/ccsupport.biz\/da\/\",\"name\":\"FORSIDE - CC Support\",\"isPartOf\":{\"@id\":\"https:\/\/ccsupport.biz\/#website\"},\"datePublished\":\"2015-03-25T14:57:36+00:00\",\"dateModified\":\"2015-12-25T00:08:59+00:00\",\"breadcrumb\":{\"@id\":\"https:\/\/ccsupport.biz\/da\/#breadcrumb\"},\"inLanguage\":\"da-DK\",\"potentialAction\":[{\"@type\":\"ReadAction\",\"target\":[\"https:\/\/ccsupport.biz\/da\/\"]}]},{\"@type\":\"BreadcrumbList\",\"@id\":\"https:\/\/ccsupport.biz\/da\/#breadcrumb\",\"itemListElement\":[{\"@type\":\"ListItem\",\"position\":1,\"name\":\"Home\",\"item\":\"https:\/\/ccsupport.biz\/da\/\"},{\"@type\":\"ListItem\",\"position\":2,\"name\":\"FORSIDE\"}]}]}<\/script>\n<!-- \/ Yoast SEO plugin. -->","yoast_head_json":{"title":"FORSIDE - CC Support","robots":{"index":"noindex","follow":"follow","max-snippet":"max-snippet:-1","max-image-preview":"max-image-preview:large","max-video-preview":"max-video-preview:-1"},"og_locale":"da_DK","og_type":"article","og_title":"FORSIDE - CC Support","og_description":"Tag ansvar for din mobiltelefon regning Se transaktioner eller annuller abonnementer, der er opkr\u00e6vet p\u00e5 din mobiltelefon regning. Det er simpelt. Log ind med at bruge dit telefonnummer. Det er ikke n\u00f8dvendigt at bruge andre oplysninger eller registrering. N\u00e5r du logger ind, kan du se alle transaktioner og administrere abonnementer med lethed.","og_url":"https:\/\/ccsupport.biz\/da\/","og_site_name":"CC Support","article_modified_time":"2015-12-25T00:08:59+00:00","schema":{"@context":"https:\/\/schema.org","@graph":[{"@type":"WebSite","@id":"https:\/\/ccsupport.biz\/#website","url":"https:\/\/ccsupport.biz\/","name":"CC Support","description":"","potentialAction":[{"@type":"SearchAction","target":{"@type":"EntryPoint","urlTemplate":"https:\/\/ccsupport.biz\/?s={search_term_string}"},"query-input":"required name=search_term_string"}],"inLanguage":"da-DK"},{"@type":"WebPage","@id":"https:\/\/ccsupport.biz\/da\/#webpage","url":"https:\/\/ccsupport.biz\/da\/","name":"FORSIDE - CC Support","isPartOf":{"@id":"https:\/\/ccsupport.biz\/#website"},"datePublished":"2015-03-25T14:57:36+00:00","dateModified":"2015-12-25T00:08:59+00:00","breadcrumb":{"@id":"https:\/\/ccsupport.biz\/da\/#breadcrumb"},"inLanguage":"da-DK","potentialAction":[{"@type":"ReadAction","target":["https:\/\/ccsupport.biz\/da\/"]}]},{"@type":"BreadcrumbList","@id":"https:\/\/ccsupport.biz\/da\/#breadcrumb","itemListElement":[{"@type":"ListItem","position":1,"name":"Home","item":"https:\/\/ccsupport.biz\/da\/"},{"@type":"ListItem","position":2,"name":"FORSIDE"}]}]}},"_links":{"self":[{"href":"https:\/\/ccsupport.biz\/da\/wp-json\/wp\/v2\/pages\/52788"}],"collection":[{"href":"https:\/\/ccsupport.biz\/da\/wp-json\/wp\/v2\/pages"}],"about":[{"href":"https:\/\/ccsupport.biz\/da\/wp-json\/wp\/v2\/types\/page"}],"author":[{"embeddable":true,"href":"https:\/\/ccsupport.biz\/da\/wp-json\/wp\/v2\/users\/2"}],"replies":[{"embeddable":true,"href":"https:\/\/ccsupport.biz\/da\/wp-json\/wp\/v2\/comments?post=52788"}],"version-history":[{"count":0,"href":"https:\/\/ccsupport.biz\/da\/wp-json\/wp\/v2\/pages\/52788\/revisions"}],"wp:attachment":[{"href":"https:\/\/ccsupport.biz\/da\/wp-json\/wp\/v2\/media?parent=52788"}],"curies":[{"name":"wp","href":"https:\/\/api.w.org\/{rel}","templated":true}]}}