{"id":52818,"date":"2015-03-25T14:58:26","date_gmt":"2015-03-25T14:58:26","guid":{"rendered":"http:\/\/ccsupport.biz\/da\/contact\/"},"modified":"2015-12-25T01:05:14","modified_gmt":"2015-12-25T00:05:14","slug":"contact","status":"publish","type":"page","link":"https:\/\/ccsupport.biz\/da\/contact\/","title":{"rendered":"KONTAKT"},"content":{"rendered":"<h3>Din tilfredshed er meget vigtig for os!<\/h3>\n<p>Det er derfor, vi tilbyder en p\u00e5lidelig og enkel service, der giver pr\u00e6cise oplysninger om mobiltelefon fakturering. Du vil finde oplysninger om alle transaktioner og andre vigtige oplysninger. Men hvis du stadig f\u00f8ler, du \u00f8nsker at kontakte os, kan du g\u00f8re det ved hj\u00e6lp af kontaktformularen.<\/p>\n","protected":false},"excerpt":{"rendered":"<p>Din tilfredshed er meget vigtig for os! Det er derfor, vi tilbyder en p\u00e5lidelig og enkel service, der giver pr\u00e6cise oplysninger om mobiltelefon fakturering. Du vil finde oplysninger om alle transaktioner og andre vigtige oplysninger. Men hvis du stadig f\u00f8ler, du \u00f8nsker at kontakte os, kan du g\u00f8re det ved hj\u00e6lp af kontaktformularen.<\/p>\n","protected":false},"author":2,"featured_media":0,"parent":0,"menu_order":4,"comment_status":"open","ping_status":"closed","template":"template-contact.php","meta":[],"yoast_head":"<!-- This site is optimized with the Yoast SEO plugin v18.6 - https:\/\/yoast.com\/wordpress\/plugins\/seo\/ -->\n<title>KONTAKT - CC Support<\/title>\n<meta name=\"robots\" content=\"noindex, follow, max-snippet:-1, max-image-preview:large, max-video-preview:-1\" \/>\n<meta property=\"og:locale\" content=\"da_DK\" \/>\n<meta property=\"og:type\" content=\"article\" \/>\n<meta property=\"og:title\" content=\"KONTAKT - CC Support\" \/>\n<meta property=\"og:description\" content=\"Din tilfredshed er meget vigtig for os! Det er derfor, vi tilbyder en p\u00e5lidelig og enkel service, der giver pr\u00e6cise oplysninger om mobiltelefon fakturering. Du vil finde oplysninger om alle transaktioner og andre vigtige oplysninger. Men hvis du stadig f\u00f8ler, du \u00f8nsker at kontakte os, kan du g\u00f8re det ved hj\u00e6lp af kontaktformularen.\" \/>\n<meta property=\"og:url\" content=\"https:\/\/ccsupport.biz\/da\/contact\/\" \/>\n<meta property=\"og:site_name\" content=\"CC Support\" \/>\n<meta property=\"article:modified_time\" content=\"2015-12-25T00:05:14+00:00\" \/>\n<script type=\"application\/ld+json\" class=\"yoast-schema-graph\">{\"@context\":\"https:\/\/schema.org\",\"@graph\":[{\"@type\":\"WebSite\",\"@id\":\"https:\/\/ccsupport.biz\/#website\",\"url\":\"https:\/\/ccsupport.biz\/\",\"name\":\"CC Support\",\"description\":\"\",\"potentialAction\":[{\"@type\":\"SearchAction\",\"target\":{\"@type\":\"EntryPoint\",\"urlTemplate\":\"https:\/\/ccsupport.biz\/?s={search_term_string}\"},\"query-input\":\"required name=search_term_string\"}],\"inLanguage\":\"da-DK\"},{\"@type\":\"WebPage\",\"@id\":\"https:\/\/ccsupport.biz\/da\/contact\/#webpage\",\"url\":\"https:\/\/ccsupport.biz\/da\/contact\/\",\"name\":\"KONTAKT - CC Support\",\"isPartOf\":{\"@id\":\"https:\/\/ccsupport.biz\/#website\"},\"datePublished\":\"2015-03-25T14:58:26+00:00\",\"dateModified\":\"2015-12-25T00:05:14+00:00\",\"breadcrumb\":{\"@id\":\"https:\/\/ccsupport.biz\/da\/contact\/#breadcrumb\"},\"inLanguage\":\"da-DK\",\"potentialAction\":[{\"@type\":\"ReadAction\",\"target\":[\"https:\/\/ccsupport.biz\/da\/contact\/\"]}]},{\"@type\":\"BreadcrumbList\",\"@id\":\"https:\/\/ccsupport.biz\/da\/contact\/#breadcrumb\",\"itemListElement\":[{\"@type\":\"ListItem\",\"position\":1,\"name\":\"Home\",\"item\":\"https:\/\/ccsupport.biz\/da\/\"},{\"@type\":\"ListItem\",\"position\":2,\"name\":\"KONTAKT\"}]}]}<\/script>\n<!-- \/ Yoast SEO plugin. -->","yoast_head_json":{"title":"KONTAKT - CC Support","robots":{"index":"noindex","follow":"follow","max-snippet":"max-snippet:-1","max-image-preview":"max-image-preview:large","max-video-preview":"max-video-preview:-1"},"og_locale":"da_DK","og_type":"article","og_title":"KONTAKT - CC Support","og_description":"Din tilfredshed er meget vigtig for os! Det er derfor, vi tilbyder en p\u00e5lidelig og enkel service, der giver pr\u00e6cise oplysninger om mobiltelefon fakturering. Du vil finde oplysninger om alle transaktioner og andre vigtige oplysninger. Men hvis du stadig f\u00f8ler, du \u00f8nsker at kontakte os, kan du g\u00f8re det ved hj\u00e6lp af kontaktformularen.","og_url":"https:\/\/ccsupport.biz\/da\/contact\/","og_site_name":"CC Support","article_modified_time":"2015-12-25T00:05:14+00:00","schema":{"@context":"https:\/\/schema.org","@graph":[{"@type":"WebSite","@id":"https:\/\/ccsupport.biz\/#website","url":"https:\/\/ccsupport.biz\/","name":"CC Support","description":"","potentialAction":[{"@type":"SearchAction","target":{"@type":"EntryPoint","urlTemplate":"https:\/\/ccsupport.biz\/?s={search_term_string}"},"query-input":"required name=search_term_string"}],"inLanguage":"da-DK"},{"@type":"WebPage","@id":"https:\/\/ccsupport.biz\/da\/contact\/#webpage","url":"https:\/\/ccsupport.biz\/da\/contact\/","name":"KONTAKT - CC Support","isPartOf":{"@id":"https:\/\/ccsupport.biz\/#website"},"datePublished":"2015-03-25T14:58:26+00:00","dateModified":"2015-12-25T00:05:14+00:00","breadcrumb":{"@id":"https:\/\/ccsupport.biz\/da\/contact\/#breadcrumb"},"inLanguage":"da-DK","potentialAction":[{"@type":"ReadAction","target":["https:\/\/ccsupport.biz\/da\/contact\/"]}]},{"@type":"BreadcrumbList","@id":"https:\/\/ccsupport.biz\/da\/contact\/#breadcrumb","itemListElement":[{"@type":"ListItem","position":1,"name":"Home","item":"https:\/\/ccsupport.biz\/da\/"},{"@type":"ListItem","position":2,"name":"KONTAKT"}]}]}},"_links":{"self":[{"href":"https:\/\/ccsupport.biz\/da\/wp-json\/wp\/v2\/pages\/52818"}],"collection":[{"href":"https:\/\/ccsupport.biz\/da\/wp-json\/wp\/v2\/pages"}],"about":[{"href":"https:\/\/ccsupport.biz\/da\/wp-json\/wp\/v2\/types\/page"}],"author":[{"embeddable":true,"href":"https:\/\/ccsupport.biz\/da\/wp-json\/wp\/v2\/users\/2"}],"replies":[{"embeddable":true,"href":"https:\/\/ccsupport.biz\/da\/wp-json\/wp\/v2\/comments?post=52818"}],"version-history":[{"count":0,"href":"https:\/\/ccsupport.biz\/da\/wp-json\/wp\/v2\/pages\/52818\/revisions"}],"wp:attachment":[{"href":"https:\/\/ccsupport.biz\/da\/wp-json\/wp\/v2\/media?parent=52818"}],"curies":[{"name":"wp","href":"https:\/\/api.w.org\/{rel}","templated":true}]}}