{"id":50837,"date":"2015-03-25T14:58:26","date_gmt":"2015-03-25T14:58:26","guid":{"rendered":"http:\/\/ccsupport.biz\/hu\/contact\/"},"modified":"2015-12-23T10:56:59","modified_gmt":"2015-12-23T09:56:59","slug":"contact","status":"publish","type":"page","link":"https:\/\/ccsupport.biz\/hu\/contact\/","title":{"rendered":"KAPCSOLAT"},"content":{"rendered":"<h3>Az \u00d6n el\u00e9gedetts\u00e9ge fontos sz\u00e1munkra!!<\/h3>\n<p>Ez\u00e9rt k\u00edn\u00e1lunk megb\u00edzhat\u00f3, egyszer\u0171 szolg\u00e1ltat\u00e1st, amely pontos inform\u00e1ci\u00f3kat ny\u00fajt a mobiltelefon sz\u00e1ml\u00e1z\u00e1sr\u00f3l. Minden tranzakci\u00f3 \u00e9s szolg\u00e1ltat\u00e1s inform\u00e1ci\u00f3 el\u00e9rhet\u0151 sz\u00e1m\u00e1ra.Azonban, ha m\u00e9g mindig \u00fagy \u00e9rzi, hogy kapcsolatba szeretn l\u00e9pni vel\u00fcnk, k\u00e9rj\u00fck tegye meg az \u0171rlap seg\u00edts\u00e9g\u00e9vel.<\/p>\n","protected":false},"excerpt":{"rendered":"<p>Az \u00d6n el\u00e9gedetts\u00e9ge fontos sz\u00e1munkra!! Ez\u00e9rt k\u00edn\u00e1lunk megb\u00edzhat\u00f3, egyszer\u0171 szolg\u00e1ltat\u00e1st, amely pontos inform\u00e1ci\u00f3kat ny\u00fajt a mobiltelefon sz\u00e1ml\u00e1z\u00e1sr\u00f3l. Minden tranzakci\u00f3 \u00e9s szolg\u00e1ltat\u00e1s inform\u00e1ci\u00f3 el\u00e9rhet\u0151 sz\u00e1m\u00e1ra.Azonban, ha m\u00e9g mindig \u00fagy \u00e9rzi, hogy kapcsolatba szeretn l\u00e9pni vel\u00fcnk, k\u00e9rj\u00fck tegye meg az \u0171rlap seg\u00edts\u00e9g\u00e9vel.<\/p>\n","protected":false},"author":2,"featured_media":0,"parent":0,"menu_order":4,"comment_status":"open","ping_status":"closed","template":"template-contact.php","meta":[],"yoast_head":"<!-- This site is optimized with the Yoast SEO plugin v18.6 - https:\/\/yoast.com\/wordpress\/plugins\/seo\/ -->\n<title>KAPCSOLAT - CC Support<\/title>\n<meta name=\"robots\" content=\"noindex, follow, max-snippet:-1, max-image-preview:large, max-video-preview:-1\" \/>\n<meta property=\"og:locale\" content=\"hu_HU\" \/>\n<meta property=\"og:type\" content=\"article\" \/>\n<meta property=\"og:title\" content=\"KAPCSOLAT - CC Support\" \/>\n<meta property=\"og:description\" content=\"Az \u00d6n el\u00e9gedetts\u00e9ge fontos sz\u00e1munkra!! Ez\u00e9rt k\u00edn\u00e1lunk megb\u00edzhat\u00f3, egyszer\u0171 szolg\u00e1ltat\u00e1st, amely pontos inform\u00e1ci\u00f3kat ny\u00fajt a mobiltelefon sz\u00e1ml\u00e1z\u00e1sr\u00f3l. Minden tranzakci\u00f3 \u00e9s szolg\u00e1ltat\u00e1s inform\u00e1ci\u00f3 el\u00e9rhet\u0151 sz\u00e1m\u00e1ra.Azonban, ha m\u00e9g mindig \u00fagy \u00e9rzi, hogy kapcsolatba szeretn l\u00e9pni vel\u00fcnk, k\u00e9rj\u00fck tegye meg az \u0171rlap seg\u00edts\u00e9g\u00e9vel.\" \/>\n<meta property=\"og:url\" content=\"https:\/\/ccsupport.biz\/hu\/contact\/\" \/>\n<meta property=\"og:site_name\" content=\"CC Support\" \/>\n<meta property=\"article:modified_time\" content=\"2015-12-23T09:56:59+00:00\" \/>\n<script type=\"application\/ld+json\" class=\"yoast-schema-graph\">{\"@context\":\"https:\/\/schema.org\",\"@graph\":[{\"@type\":\"WebSite\",\"@id\":\"https:\/\/ccsupport.biz\/#website\",\"url\":\"https:\/\/ccsupport.biz\/\",\"name\":\"CC Support\",\"description\":\"\",\"potentialAction\":[{\"@type\":\"SearchAction\",\"target\":{\"@type\":\"EntryPoint\",\"urlTemplate\":\"https:\/\/ccsupport.biz\/?s={search_term_string}\"},\"query-input\":\"required name=search_term_string\"}],\"inLanguage\":\"hu-HU\"},{\"@type\":\"WebPage\",\"@id\":\"https:\/\/ccsupport.biz\/hu\/contact\/#webpage\",\"url\":\"https:\/\/ccsupport.biz\/hu\/contact\/\",\"name\":\"KAPCSOLAT - CC Support\",\"isPartOf\":{\"@id\":\"https:\/\/ccsupport.biz\/#website\"},\"datePublished\":\"2015-03-25T14:58:26+00:00\",\"dateModified\":\"2015-12-23T09:56:59+00:00\",\"breadcrumb\":{\"@id\":\"https:\/\/ccsupport.biz\/hu\/contact\/#breadcrumb\"},\"inLanguage\":\"hu-HU\",\"potentialAction\":[{\"@type\":\"ReadAction\",\"target\":[\"https:\/\/ccsupport.biz\/hu\/contact\/\"]}]},{\"@type\":\"BreadcrumbList\",\"@id\":\"https:\/\/ccsupport.biz\/hu\/contact\/#breadcrumb\",\"itemListElement\":[{\"@type\":\"ListItem\",\"position\":1,\"name\":\"Home\",\"item\":\"https:\/\/ccsupport.biz\/hu\/\"},{\"@type\":\"ListItem\",\"position\":2,\"name\":\"KAPCSOLAT\"}]}]}<\/script>\n<!-- \/ Yoast SEO plugin. -->","yoast_head_json":{"title":"KAPCSOLAT - CC Support","robots":{"index":"noindex","follow":"follow","max-snippet":"max-snippet:-1","max-image-preview":"max-image-preview:large","max-video-preview":"max-video-preview:-1"},"og_locale":"hu_HU","og_type":"article","og_title":"KAPCSOLAT - CC Support","og_description":"Az \u00d6n el\u00e9gedetts\u00e9ge fontos sz\u00e1munkra!! Ez\u00e9rt k\u00edn\u00e1lunk megb\u00edzhat\u00f3, egyszer\u0171 szolg\u00e1ltat\u00e1st, amely pontos inform\u00e1ci\u00f3kat ny\u00fajt a mobiltelefon sz\u00e1ml\u00e1z\u00e1sr\u00f3l. Minden tranzakci\u00f3 \u00e9s szolg\u00e1ltat\u00e1s inform\u00e1ci\u00f3 el\u00e9rhet\u0151 sz\u00e1m\u00e1ra.Azonban, ha m\u00e9g mindig \u00fagy \u00e9rzi, hogy kapcsolatba szeretn l\u00e9pni vel\u00fcnk, k\u00e9rj\u00fck tegye meg az \u0171rlap seg\u00edts\u00e9g\u00e9vel.","og_url":"https:\/\/ccsupport.biz\/hu\/contact\/","og_site_name":"CC Support","article_modified_time":"2015-12-23T09:56:59+00:00","schema":{"@context":"https:\/\/schema.org","@graph":[{"@type":"WebSite","@id":"https:\/\/ccsupport.biz\/#website","url":"https:\/\/ccsupport.biz\/","name":"CC Support","description":"","potentialAction":[{"@type":"SearchAction","target":{"@type":"EntryPoint","urlTemplate":"https:\/\/ccsupport.biz\/?s={search_term_string}"},"query-input":"required name=search_term_string"}],"inLanguage":"hu-HU"},{"@type":"WebPage","@id":"https:\/\/ccsupport.biz\/hu\/contact\/#webpage","url":"https:\/\/ccsupport.biz\/hu\/contact\/","name":"KAPCSOLAT - CC Support","isPartOf":{"@id":"https:\/\/ccsupport.biz\/#website"},"datePublished":"2015-03-25T14:58:26+00:00","dateModified":"2015-12-23T09:56:59+00:00","breadcrumb":{"@id":"https:\/\/ccsupport.biz\/hu\/contact\/#breadcrumb"},"inLanguage":"hu-HU","potentialAction":[{"@type":"ReadAction","target":["https:\/\/ccsupport.biz\/hu\/contact\/"]}]},{"@type":"BreadcrumbList","@id":"https:\/\/ccsupport.biz\/hu\/contact\/#breadcrumb","itemListElement":[{"@type":"ListItem","position":1,"name":"Home","item":"https:\/\/ccsupport.biz\/hu\/"},{"@type":"ListItem","position":2,"name":"KAPCSOLAT"}]}]}},"_links":{"self":[{"href":"https:\/\/ccsupport.biz\/hu\/wp-json\/wp\/v2\/pages\/50837"}],"collection":[{"href":"https:\/\/ccsupport.biz\/hu\/wp-json\/wp\/v2\/pages"}],"about":[{"href":"https:\/\/ccsupport.biz\/hu\/wp-json\/wp\/v2\/types\/page"}],"author":[{"embeddable":true,"href":"https:\/\/ccsupport.biz\/hu\/wp-json\/wp\/v2\/users\/2"}],"replies":[{"embeddable":true,"href":"https:\/\/ccsupport.biz\/hu\/wp-json\/wp\/v2\/comments?post=50837"}],"version-history":[{"count":0,"href":"https:\/\/ccsupport.biz\/hu\/wp-json\/wp\/v2\/pages\/50837\/revisions"}],"wp:attachment":[{"href":"https:\/\/ccsupport.biz\/hu\/wp-json\/wp\/v2\/media?parent=50837"}],"curies":[{"name":"wp","href":"https:\/\/api.w.org\/{rel}","templated":true}]}}