{"id":47755,"date":"2015-03-25T14:57:36","date_gmt":"2015-03-25T14:57:36","guid":{"rendered":"http:\/\/ccsupport.biz\/nb\/home\/"},"modified":"2015-12-11T15:42:26","modified_gmt":"2015-12-11T14:42:26","slug":"home","status":"publish","type":"page","link":"https:\/\/ccsupport.biz\/nb\/","title":{"rendered":"HJEM"},"content":{"rendered":"<h3>Ta kontroll over din mobilregning!<\/h3>\n<p>Ha en enkel oversikt over transaksjoner eller avslutt abonnementer som er belastet din mobiltelefon faktura. Bare logg inn ved bruk av ditt telefonnummer, ingen andre informasjoner er n\u00f8dvendige. N\u00e5r du er innlogget, f\u00e5r du se alle transaksjoner og h\u00e5ndtere abonnementer med letthet.<\/p>\n","protected":false},"excerpt":{"rendered":"<p>Ta kontroll over din mobilregning! Ha en enkel oversikt over transaksjoner eller avslutt abonnementer som er belastet din mobiltelefon faktura. Bare logg inn ved bruk av ditt telefonnummer, ingen andre informasjoner er n\u00f8dvendige. N\u00e5r du er innlogget, f\u00e5r du se alle transaksjoner og h\u00e5ndtere abonnementer med letthet.<\/p>\n","protected":false},"author":2,"featured_media":0,"parent":0,"menu_order":0,"comment_status":"open","ping_status":"closed","template":"template-homepage.php","meta":[],"yoast_head":"<!-- This site is optimized with the Yoast SEO plugin v18.6 - https:\/\/yoast.com\/wordpress\/plugins\/seo\/ -->\n<title>HJEM - CC Support<\/title>\n<meta name=\"robots\" content=\"noindex, follow, max-snippet:-1, max-image-preview:large, max-video-preview:-1\" \/>\n<meta property=\"og:locale\" content=\"nb_NO\" \/>\n<meta property=\"og:type\" content=\"article\" \/>\n<meta property=\"og:title\" content=\"HJEM - CC Support\" \/>\n<meta property=\"og:description\" content=\"Ta kontroll over din mobilregning! Ha en enkel oversikt over transaksjoner eller avslutt abonnementer som er belastet din mobiltelefon faktura. Bare logg inn ved bruk av ditt telefonnummer, ingen andre informasjoner er n\u00f8dvendige. N\u00e5r du er innlogget, f\u00e5r du se alle transaksjoner og h\u00e5ndtere abonnementer med letthet.\" \/>\n<meta property=\"og:url\" content=\"https:\/\/ccsupport.biz\/nb\/\" \/>\n<meta property=\"og:site_name\" content=\"CC Support\" \/>\n<meta property=\"article:modified_time\" content=\"2015-12-11T14:42:26+00:00\" \/>\n<script type=\"application\/ld+json\" class=\"yoast-schema-graph\">{\"@context\":\"https:\/\/schema.org\",\"@graph\":[{\"@type\":\"WebSite\",\"@id\":\"https:\/\/ccsupport.biz\/#website\",\"url\":\"https:\/\/ccsupport.biz\/\",\"name\":\"CC Support\",\"description\":\"\",\"potentialAction\":[{\"@type\":\"SearchAction\",\"target\":{\"@type\":\"EntryPoint\",\"urlTemplate\":\"https:\/\/ccsupport.biz\/?s={search_term_string}\"},\"query-input\":\"required name=search_term_string\"}],\"inLanguage\":\"nb-NO\"},{\"@type\":\"WebPage\",\"@id\":\"https:\/\/ccsupport.biz\/nb\/#webpage\",\"url\":\"https:\/\/ccsupport.biz\/nb\/\",\"name\":\"HJEM - CC Support\",\"isPartOf\":{\"@id\":\"https:\/\/ccsupport.biz\/#website\"},\"datePublished\":\"2015-03-25T14:57:36+00:00\",\"dateModified\":\"2015-12-11T14:42:26+00:00\",\"breadcrumb\":{\"@id\":\"https:\/\/ccsupport.biz\/nb\/#breadcrumb\"},\"inLanguage\":\"nb-NO\",\"potentialAction\":[{\"@type\":\"ReadAction\",\"target\":[\"https:\/\/ccsupport.biz\/nb\/\"]}]},{\"@type\":\"BreadcrumbList\",\"@id\":\"https:\/\/ccsupport.biz\/nb\/#breadcrumb\",\"itemListElement\":[{\"@type\":\"ListItem\",\"position\":1,\"name\":\"Home\",\"item\":\"https:\/\/ccsupport.biz\/nb\/\"},{\"@type\":\"ListItem\",\"position\":2,\"name\":\"HJEM\"}]}]}<\/script>\n<!-- \/ Yoast SEO plugin. -->","yoast_head_json":{"title":"HJEM - CC Support","robots":{"index":"noindex","follow":"follow","max-snippet":"max-snippet:-1","max-image-preview":"max-image-preview:large","max-video-preview":"max-video-preview:-1"},"og_locale":"nb_NO","og_type":"article","og_title":"HJEM - CC Support","og_description":"Ta kontroll over din mobilregning! Ha en enkel oversikt over transaksjoner eller avslutt abonnementer som er belastet din mobiltelefon faktura. Bare logg inn ved bruk av ditt telefonnummer, ingen andre informasjoner er n\u00f8dvendige. N\u00e5r du er innlogget, f\u00e5r du se alle transaksjoner og h\u00e5ndtere abonnementer med letthet.","og_url":"https:\/\/ccsupport.biz\/nb\/","og_site_name":"CC Support","article_modified_time":"2015-12-11T14:42:26+00:00","schema":{"@context":"https:\/\/schema.org","@graph":[{"@type":"WebSite","@id":"https:\/\/ccsupport.biz\/#website","url":"https:\/\/ccsupport.biz\/","name":"CC Support","description":"","potentialAction":[{"@type":"SearchAction","target":{"@type":"EntryPoint","urlTemplate":"https:\/\/ccsupport.biz\/?s={search_term_string}"},"query-input":"required name=search_term_string"}],"inLanguage":"nb-NO"},{"@type":"WebPage","@id":"https:\/\/ccsupport.biz\/nb\/#webpage","url":"https:\/\/ccsupport.biz\/nb\/","name":"HJEM - CC Support","isPartOf":{"@id":"https:\/\/ccsupport.biz\/#website"},"datePublished":"2015-03-25T14:57:36+00:00","dateModified":"2015-12-11T14:42:26+00:00","breadcrumb":{"@id":"https:\/\/ccsupport.biz\/nb\/#breadcrumb"},"inLanguage":"nb-NO","potentialAction":[{"@type":"ReadAction","target":["https:\/\/ccsupport.biz\/nb\/"]}]},{"@type":"BreadcrumbList","@id":"https:\/\/ccsupport.biz\/nb\/#breadcrumb","itemListElement":[{"@type":"ListItem","position":1,"name":"Home","item":"https:\/\/ccsupport.biz\/nb\/"},{"@type":"ListItem","position":2,"name":"HJEM"}]}]}},"_links":{"self":[{"href":"https:\/\/ccsupport.biz\/nb\/wp-json\/wp\/v2\/pages\/47755"}],"collection":[{"href":"https:\/\/ccsupport.biz\/nb\/wp-json\/wp\/v2\/pages"}],"about":[{"href":"https:\/\/ccsupport.biz\/nb\/wp-json\/wp\/v2\/types\/page"}],"author":[{"embeddable":true,"href":"https:\/\/ccsupport.biz\/nb\/wp-json\/wp\/v2\/users\/2"}],"replies":[{"embeddable":true,"href":"https:\/\/ccsupport.biz\/nb\/wp-json\/wp\/v2\/comments?post=47755"}],"version-history":[{"count":0,"href":"https:\/\/ccsupport.biz\/nb\/wp-json\/wp\/v2\/pages\/47755\/revisions"}],"wp:attachment":[{"href":"https:\/\/ccsupport.biz\/nb\/wp-json\/wp\/v2\/media?parent=47755"}],"curies":[{"name":"wp","href":"https:\/\/api.w.org\/{rel}","templated":true}]}}