{"id":47757,"date":"2015-03-25T14:57:36","date_gmt":"2015-03-25T14:57:36","guid":{"rendered":"http:\/\/ccsupport.biz\/pl\/home\/"},"modified":"2015-12-11T15:42:24","modified_gmt":"2015-12-11T14:42:24","slug":"home","status":"publish","type":"page","link":"https:\/\/ccsupport.biz\/pl\/","title":{"rendered":"STRONA G\u0141\u00d3WNA"},"content":{"rendered":"<h3>Zadbaj o sw\u00f3j rachunek telefoniczny<\/h3>\n<p>\u0141atwiejsze przegl\u0105danie historii transakcji, szybsze anulowanie subskrybcji doliczanych do rachunku za telefon kom\u00f3rkowy. Zaloguj si\u0119 przy u\u017cyciu swojego numeru telefonu, bez dodatkowych informacji i bez rejestracji. Po zalogowaniu  z \u0142atwo\u015bci\u0105 mo\u017cesz przegl\u0105da\u0107 histori\u0119 swoich transakcji i zarz\u0105dza\u0107 posiadanymi subskrybcjami.<\/p>\n","protected":false},"excerpt":{"rendered":"<p>Zadbaj o sw\u00f3j rachunek telefoniczny \u0141atwiejsze przegl\u0105danie historii transakcji, szybsze anulowanie subskrybcji doliczanych do rachunku za telefon kom\u00f3rkowy. Zaloguj si\u0119 przy u\u017cyciu swojego numeru telefonu, bez dodatkowych informacji i bez rejestracji. Po zalogowaniu z \u0142atwo\u015bci\u0105 mo\u017cesz przegl\u0105da\u0107 histori\u0119 swoich transakcji i zarz\u0105dza\u0107 posiadanymi subskrybcjami.<\/p>\n","protected":false},"author":2,"featured_media":0,"parent":0,"menu_order":0,"comment_status":"open","ping_status":"closed","template":"template-homepage.php","meta":[],"yoast_head":"<!-- This site is optimized with the Yoast SEO plugin v18.6 - https:\/\/yoast.com\/wordpress\/plugins\/seo\/ -->\n<title>STRONA G\u0141\u00d3WNA - CC Support<\/title>\n<meta name=\"robots\" content=\"noindex, follow, max-snippet:-1, max-image-preview:large, max-video-preview:-1\" \/>\n<meta property=\"og:locale\" content=\"pl_PL\" \/>\n<meta property=\"og:type\" content=\"article\" \/>\n<meta property=\"og:title\" content=\"STRONA G\u0141\u00d3WNA - CC Support\" \/>\n<meta property=\"og:description\" content=\"Zadbaj o sw\u00f3j rachunek telefoniczny \u0141atwiejsze przegl\u0105danie historii transakcji, szybsze anulowanie subskrybcji doliczanych do rachunku za telefon kom\u00f3rkowy. Zaloguj si\u0119 przy u\u017cyciu swojego numeru telefonu, bez dodatkowych informacji i bez rejestracji. Po zalogowaniu z \u0142atwo\u015bci\u0105 mo\u017cesz przegl\u0105da\u0107 histori\u0119 swoich transakcji i zarz\u0105dza\u0107 posiadanymi subskrybcjami.\" \/>\n<meta property=\"og:url\" content=\"https:\/\/ccsupport.biz\/pl\/\" \/>\n<meta property=\"og:site_name\" content=\"CC Support\" \/>\n<meta property=\"article:modified_time\" content=\"2015-12-11T14:42:24+00:00\" \/>\n<script type=\"application\/ld+json\" class=\"yoast-schema-graph\">{\"@context\":\"https:\/\/schema.org\",\"@graph\":[{\"@type\":\"WebSite\",\"@id\":\"https:\/\/ccsupport.biz\/#website\",\"url\":\"https:\/\/ccsupport.biz\/\",\"name\":\"CC Support\",\"description\":\"\",\"potentialAction\":[{\"@type\":\"SearchAction\",\"target\":{\"@type\":\"EntryPoint\",\"urlTemplate\":\"https:\/\/ccsupport.biz\/?s={search_term_string}\"},\"query-input\":\"required name=search_term_string\"}],\"inLanguage\":\"pl-PL\"},{\"@type\":\"WebPage\",\"@id\":\"https:\/\/ccsupport.biz\/pl\/#webpage\",\"url\":\"https:\/\/ccsupport.biz\/pl\/\",\"name\":\"STRONA G\u0141\u00d3WNA - CC Support\",\"isPartOf\":{\"@id\":\"https:\/\/ccsupport.biz\/#website\"},\"datePublished\":\"2015-03-25T14:57:36+00:00\",\"dateModified\":\"2015-12-11T14:42:24+00:00\",\"breadcrumb\":{\"@id\":\"https:\/\/ccsupport.biz\/pl\/#breadcrumb\"},\"inLanguage\":\"pl-PL\",\"potentialAction\":[{\"@type\":\"ReadAction\",\"target\":[\"https:\/\/ccsupport.biz\/pl\/\"]}]},{\"@type\":\"BreadcrumbList\",\"@id\":\"https:\/\/ccsupport.biz\/pl\/#breadcrumb\",\"itemListElement\":[{\"@type\":\"ListItem\",\"position\":1,\"name\":\"Home\",\"item\":\"https:\/\/ccsupport.biz\/pl\/\"},{\"@type\":\"ListItem\",\"position\":2,\"name\":\"STRONA G\u0141\u00d3WNA\"}]}]}<\/script>\n<!-- \/ Yoast SEO plugin. -->","yoast_head_json":{"title":"STRONA G\u0141\u00d3WNA - CC Support","robots":{"index":"noindex","follow":"follow","max-snippet":"max-snippet:-1","max-image-preview":"max-image-preview:large","max-video-preview":"max-video-preview:-1"},"og_locale":"pl_PL","og_type":"article","og_title":"STRONA G\u0141\u00d3WNA - CC Support","og_description":"Zadbaj o sw\u00f3j rachunek telefoniczny \u0141atwiejsze przegl\u0105danie historii transakcji, szybsze anulowanie subskrybcji doliczanych do rachunku za telefon kom\u00f3rkowy. Zaloguj si\u0119 przy u\u017cyciu swojego numeru telefonu, bez dodatkowych informacji i bez rejestracji. Po zalogowaniu z \u0142atwo\u015bci\u0105 mo\u017cesz przegl\u0105da\u0107 histori\u0119 swoich transakcji i zarz\u0105dza\u0107 posiadanymi subskrybcjami.","og_url":"https:\/\/ccsupport.biz\/pl\/","og_site_name":"CC Support","article_modified_time":"2015-12-11T14:42:24+00:00","schema":{"@context":"https:\/\/schema.org","@graph":[{"@type":"WebSite","@id":"https:\/\/ccsupport.biz\/#website","url":"https:\/\/ccsupport.biz\/","name":"CC Support","description":"","potentialAction":[{"@type":"SearchAction","target":{"@type":"EntryPoint","urlTemplate":"https:\/\/ccsupport.biz\/?s={search_term_string}"},"query-input":"required name=search_term_string"}],"inLanguage":"pl-PL"},{"@type":"WebPage","@id":"https:\/\/ccsupport.biz\/pl\/#webpage","url":"https:\/\/ccsupport.biz\/pl\/","name":"STRONA G\u0141\u00d3WNA - CC Support","isPartOf":{"@id":"https:\/\/ccsupport.biz\/#website"},"datePublished":"2015-03-25T14:57:36+00:00","dateModified":"2015-12-11T14:42:24+00:00","breadcrumb":{"@id":"https:\/\/ccsupport.biz\/pl\/#breadcrumb"},"inLanguage":"pl-PL","potentialAction":[{"@type":"ReadAction","target":["https:\/\/ccsupport.biz\/pl\/"]}]},{"@type":"BreadcrumbList","@id":"https:\/\/ccsupport.biz\/pl\/#breadcrumb","itemListElement":[{"@type":"ListItem","position":1,"name":"Home","item":"https:\/\/ccsupport.biz\/pl\/"},{"@type":"ListItem","position":2,"name":"STRONA G\u0141\u00d3WNA"}]}]}},"_links":{"self":[{"href":"https:\/\/ccsupport.biz\/pl\/wp-json\/wp\/v2\/pages\/47757"}],"collection":[{"href":"https:\/\/ccsupport.biz\/pl\/wp-json\/wp\/v2\/pages"}],"about":[{"href":"https:\/\/ccsupport.biz\/pl\/wp-json\/wp\/v2\/types\/page"}],"author":[{"embeddable":true,"href":"https:\/\/ccsupport.biz\/pl\/wp-json\/wp\/v2\/users\/2"}],"replies":[{"embeddable":true,"href":"https:\/\/ccsupport.biz\/pl\/wp-json\/wp\/v2\/comments?post=47757"}],"version-history":[{"count":0,"href":"https:\/\/ccsupport.biz\/pl\/wp-json\/wp\/v2\/pages\/47757\/revisions"}],"wp:attachment":[{"href":"https:\/\/ccsupport.biz\/pl\/wp-json\/wp\/v2\/media?parent=47757"}],"curies":[{"name":"wp","href":"https:\/\/api.w.org\/{rel}","templated":true}]}}