{"id":48269,"date":"2015-03-25T14:58:26","date_gmt":"2015-03-25T14:58:26","guid":{"rendered":"http:\/\/ccsupport.biz\/pl\/contact\/"},"modified":"2015-12-14T16:03:49","modified_gmt":"2015-12-14T15:03:49","slug":"contact","status":"publish","type":"page","link":"https:\/\/ccsupport.biz\/pl\/contact\/","title":{"rendered":"KONTAKT"},"content":{"rendered":"<h3>Twoje zadowolenie jest dla nas wa\u017cne!<\/h3>\n<p>Oferujemy rzetelny i \u0142atwy w obs\u0142udze serwis, kt\u00f3ry zapewnia dost\u0119p do informacji o twoim rachunku za telefon kom\u00f3rkowy. Znajdziesz tu szczeg\u00f3\u0142owe dane na temat wszystkich transakcji i innych wa\u017cnych zdarze\u0144. Je\u015bli chcesz si\u0119 z nami skontaktowa\u0107, wype\u0142nij poni\u017cszy formularz.<\/p>\n","protected":false},"excerpt":{"rendered":"<p>Twoje zadowolenie jest dla nas wa\u017cne! Oferujemy rzetelny i \u0142atwy w obs\u0142udze serwis, kt\u00f3ry zapewnia dost\u0119p do informacji o twoim rachunku za telefon kom\u00f3rkowy. Znajdziesz tu szczeg\u00f3\u0142owe dane na temat wszystkich transakcji i innych wa\u017cnych zdarze\u0144. Je\u015bli chcesz si\u0119 z nami skontaktowa\u0107, wype\u0142nij poni\u017cszy formularz.<\/p>\n","protected":false},"author":2,"featured_media":0,"parent":0,"menu_order":4,"comment_status":"open","ping_status":"closed","template":"template-contact.php","meta":[],"yoast_head":"<!-- This site is optimized with the Yoast SEO plugin v18.6 - https:\/\/yoast.com\/wordpress\/plugins\/seo\/ -->\n<title>KONTAKT - CC Support<\/title>\n<meta name=\"robots\" content=\"noindex, follow, max-snippet:-1, max-image-preview:large, max-video-preview:-1\" \/>\n<meta property=\"og:locale\" content=\"pl_PL\" \/>\n<meta property=\"og:type\" content=\"article\" \/>\n<meta property=\"og:title\" content=\"KONTAKT - CC Support\" \/>\n<meta property=\"og:description\" content=\"Twoje zadowolenie jest dla nas wa\u017cne! Oferujemy rzetelny i \u0142atwy w obs\u0142udze serwis, kt\u00f3ry zapewnia dost\u0119p do informacji o twoim rachunku za telefon kom\u00f3rkowy. Znajdziesz tu szczeg\u00f3\u0142owe dane na temat wszystkich transakcji i innych wa\u017cnych zdarze\u0144. Je\u015bli chcesz si\u0119 z nami skontaktowa\u0107, wype\u0142nij poni\u017cszy formularz.\" \/>\n<meta property=\"og:url\" content=\"https:\/\/ccsupport.biz\/pl\/contact\/\" \/>\n<meta property=\"og:site_name\" content=\"CC Support\" \/>\n<meta property=\"article:modified_time\" content=\"2015-12-14T15:03:49+00:00\" \/>\n<script type=\"application\/ld+json\" class=\"yoast-schema-graph\">{\"@context\":\"https:\/\/schema.org\",\"@graph\":[{\"@type\":\"WebSite\",\"@id\":\"https:\/\/ccsupport.biz\/#website\",\"url\":\"https:\/\/ccsupport.biz\/\",\"name\":\"CC Support\",\"description\":\"\",\"potentialAction\":[{\"@type\":\"SearchAction\",\"target\":{\"@type\":\"EntryPoint\",\"urlTemplate\":\"https:\/\/ccsupport.biz\/?s={search_term_string}\"},\"query-input\":\"required name=search_term_string\"}],\"inLanguage\":\"pl-PL\"},{\"@type\":\"WebPage\",\"@id\":\"https:\/\/ccsupport.biz\/pl\/contact\/#webpage\",\"url\":\"https:\/\/ccsupport.biz\/pl\/contact\/\",\"name\":\"KONTAKT - CC Support\",\"isPartOf\":{\"@id\":\"https:\/\/ccsupport.biz\/#website\"},\"datePublished\":\"2015-03-25T14:58:26+00:00\",\"dateModified\":\"2015-12-14T15:03:49+00:00\",\"breadcrumb\":{\"@id\":\"https:\/\/ccsupport.biz\/pl\/contact\/#breadcrumb\"},\"inLanguage\":\"pl-PL\",\"potentialAction\":[{\"@type\":\"ReadAction\",\"target\":[\"https:\/\/ccsupport.biz\/pl\/contact\/\"]}]},{\"@type\":\"BreadcrumbList\",\"@id\":\"https:\/\/ccsupport.biz\/pl\/contact\/#breadcrumb\",\"itemListElement\":[{\"@type\":\"ListItem\",\"position\":1,\"name\":\"Home\",\"item\":\"https:\/\/ccsupport.biz\/pl\/\"},{\"@type\":\"ListItem\",\"position\":2,\"name\":\"KONTAKT\"}]}]}<\/script>\n<!-- \/ Yoast SEO plugin. -->","yoast_head_json":{"title":"KONTAKT - CC Support","robots":{"index":"noindex","follow":"follow","max-snippet":"max-snippet:-1","max-image-preview":"max-image-preview:large","max-video-preview":"max-video-preview:-1"},"og_locale":"pl_PL","og_type":"article","og_title":"KONTAKT - CC Support","og_description":"Twoje zadowolenie jest dla nas wa\u017cne! Oferujemy rzetelny i \u0142atwy w obs\u0142udze serwis, kt\u00f3ry zapewnia dost\u0119p do informacji o twoim rachunku za telefon kom\u00f3rkowy. Znajdziesz tu szczeg\u00f3\u0142owe dane na temat wszystkich transakcji i innych wa\u017cnych zdarze\u0144. Je\u015bli chcesz si\u0119 z nami skontaktowa\u0107, wype\u0142nij poni\u017cszy formularz.","og_url":"https:\/\/ccsupport.biz\/pl\/contact\/","og_site_name":"CC Support","article_modified_time":"2015-12-14T15:03:49+00:00","schema":{"@context":"https:\/\/schema.org","@graph":[{"@type":"WebSite","@id":"https:\/\/ccsupport.biz\/#website","url":"https:\/\/ccsupport.biz\/","name":"CC Support","description":"","potentialAction":[{"@type":"SearchAction","target":{"@type":"EntryPoint","urlTemplate":"https:\/\/ccsupport.biz\/?s={search_term_string}"},"query-input":"required name=search_term_string"}],"inLanguage":"pl-PL"},{"@type":"WebPage","@id":"https:\/\/ccsupport.biz\/pl\/contact\/#webpage","url":"https:\/\/ccsupport.biz\/pl\/contact\/","name":"KONTAKT - CC Support","isPartOf":{"@id":"https:\/\/ccsupport.biz\/#website"},"datePublished":"2015-03-25T14:58:26+00:00","dateModified":"2015-12-14T15:03:49+00:00","breadcrumb":{"@id":"https:\/\/ccsupport.biz\/pl\/contact\/#breadcrumb"},"inLanguage":"pl-PL","potentialAction":[{"@type":"ReadAction","target":["https:\/\/ccsupport.biz\/pl\/contact\/"]}]},{"@type":"BreadcrumbList","@id":"https:\/\/ccsupport.biz\/pl\/contact\/#breadcrumb","itemListElement":[{"@type":"ListItem","position":1,"name":"Home","item":"https:\/\/ccsupport.biz\/pl\/"},{"@type":"ListItem","position":2,"name":"KONTAKT"}]}]}},"_links":{"self":[{"href":"https:\/\/ccsupport.biz\/pl\/wp-json\/wp\/v2\/pages\/48269"}],"collection":[{"href":"https:\/\/ccsupport.biz\/pl\/wp-json\/wp\/v2\/pages"}],"about":[{"href":"https:\/\/ccsupport.biz\/pl\/wp-json\/wp\/v2\/types\/page"}],"author":[{"embeddable":true,"href":"https:\/\/ccsupport.biz\/pl\/wp-json\/wp\/v2\/users\/2"}],"replies":[{"embeddable":true,"href":"https:\/\/ccsupport.biz\/pl\/wp-json\/wp\/v2\/comments?post=48269"}],"version-history":[{"count":0,"href":"https:\/\/ccsupport.biz\/pl\/wp-json\/wp\/v2\/pages\/48269\/revisions"}],"wp:attachment":[{"href":"https:\/\/ccsupport.biz\/pl\/wp-json\/wp\/v2\/media?parent=48269"}],"curies":[{"name":"wp","href":"https:\/\/api.w.org\/{rel}","templated":true}]}}