{"id":48271,"date":"2015-03-25T14:58:26","date_gmt":"2015-03-25T14:58:26","guid":{"rendered":"http:\/\/ccsupport.biz\/ro\/contact\/"},"modified":"2015-12-14T16:04:25","modified_gmt":"2015-12-14T15:04:25","slug":"contact","status":"publish","type":"page","link":"https:\/\/ccsupport.biz\/ro\/contact\/","title":{"rendered":"CONTACT"},"content":{"rendered":"<h3>Satisfac\u021bia dvs. este foarte important\u0103 pentru noi!<\/h3>\n<p>De aceea noi oferim un serviciu de \u00eencredere, simplu, care furnizeaz\u0103 informa\u021bii exacte cu privire la facturarea prin mobil. Ve\u021bi g\u0103si informa\u021bii despre toate tranzac\u021biile \u0219i alte informa\u021bii importante. Cu toate acestea, \u00een cazul \u00een care \u00een continuare dori\u021bi sa ne contactati, v\u0103 rugam sa face\u021bi acest lucru folosind formularul de contact.<\/p>\n","protected":false},"excerpt":{"rendered":"<p>Satisfac\u021bia dvs. este foarte important\u0103 pentru noi! De aceea noi oferim un serviciu de \u00eencredere, simplu, care furnizeaz\u0103 informa\u021bii exacte cu privire la facturarea prin mobil. Ve\u021bi g\u0103si informa\u021bii despre toate tranzac\u021biile \u0219i alte informa\u021bii importante. Cu toate acestea, \u00een cazul \u00een care \u00een continuare dori\u021bi sa ne contactati, v\u0103 rugam sa face\u021bi acest lucru [&hellip;]<\/p>\n","protected":false},"author":2,"featured_media":0,"parent":0,"menu_order":4,"comment_status":"open","ping_status":"closed","template":"template-contact.php","meta":[],"yoast_head":"<!-- This site is optimized with the Yoast SEO plugin v18.6 - https:\/\/yoast.com\/wordpress\/plugins\/seo\/ -->\n<title>CONTACT - CC Support<\/title>\n<meta name=\"robots\" content=\"noindex, follow, max-snippet:-1, max-image-preview:large, max-video-preview:-1\" \/>\n<meta property=\"og:locale\" content=\"ro_RO\" \/>\n<meta property=\"og:type\" content=\"article\" \/>\n<meta property=\"og:title\" content=\"CONTACT - CC Support\" \/>\n<meta property=\"og:description\" content=\"Satisfac\u021bia dvs. este foarte important\u0103 pentru noi! De aceea noi oferim un serviciu de \u00eencredere, simplu, care furnizeaz\u0103 informa\u021bii exacte cu privire la facturarea prin mobil. Ve\u021bi g\u0103si informa\u021bii despre toate tranzac\u021biile \u0219i alte informa\u021bii importante. Cu toate acestea, \u00een cazul \u00een care \u00een continuare dori\u021bi sa ne contactati, v\u0103 rugam sa face\u021bi acest lucru [&hellip;]\" \/>\n<meta property=\"og:url\" content=\"https:\/\/ccsupport.biz\/ro\/contact\/\" \/>\n<meta property=\"og:site_name\" content=\"CC Support\" \/>\n<meta property=\"article:modified_time\" content=\"2015-12-14T15:04:25+00:00\" \/>\n<script type=\"application\/ld+json\" class=\"yoast-schema-graph\">{\"@context\":\"https:\/\/schema.org\",\"@graph\":[{\"@type\":\"WebSite\",\"@id\":\"https:\/\/ccsupport.biz\/#website\",\"url\":\"https:\/\/ccsupport.biz\/\",\"name\":\"CC Support\",\"description\":\"\",\"potentialAction\":[{\"@type\":\"SearchAction\",\"target\":{\"@type\":\"EntryPoint\",\"urlTemplate\":\"https:\/\/ccsupport.biz\/?s={search_term_string}\"},\"query-input\":\"required name=search_term_string\"}],\"inLanguage\":\"ro-RO\"},{\"@type\":\"WebPage\",\"@id\":\"https:\/\/ccsupport.biz\/ro\/contact\/#webpage\",\"url\":\"https:\/\/ccsupport.biz\/ro\/contact\/\",\"name\":\"CONTACT - CC Support\",\"isPartOf\":{\"@id\":\"https:\/\/ccsupport.biz\/#website\"},\"datePublished\":\"2015-03-25T14:58:26+00:00\",\"dateModified\":\"2015-12-14T15:04:25+00:00\",\"breadcrumb\":{\"@id\":\"https:\/\/ccsupport.biz\/ro\/contact\/#breadcrumb\"},\"inLanguage\":\"ro-RO\",\"potentialAction\":[{\"@type\":\"ReadAction\",\"target\":[\"https:\/\/ccsupport.biz\/ro\/contact\/\"]}]},{\"@type\":\"BreadcrumbList\",\"@id\":\"https:\/\/ccsupport.biz\/ro\/contact\/#breadcrumb\",\"itemListElement\":[{\"@type\":\"ListItem\",\"position\":1,\"name\":\"Home\",\"item\":\"https:\/\/ccsupport.biz\/ro\/\"},{\"@type\":\"ListItem\",\"position\":2,\"name\":\"CONTACT\"}]}]}<\/script>\n<!-- \/ Yoast SEO plugin. -->","yoast_head_json":{"title":"CONTACT - CC Support","robots":{"index":"noindex","follow":"follow","max-snippet":"max-snippet:-1","max-image-preview":"max-image-preview:large","max-video-preview":"max-video-preview:-1"},"og_locale":"ro_RO","og_type":"article","og_title":"CONTACT - CC Support","og_description":"Satisfac\u021bia dvs. este foarte important\u0103 pentru noi! De aceea noi oferim un serviciu de \u00eencredere, simplu, care furnizeaz\u0103 informa\u021bii exacte cu privire la facturarea prin mobil. Ve\u021bi g\u0103si informa\u021bii despre toate tranzac\u021biile \u0219i alte informa\u021bii importante. Cu toate acestea, \u00een cazul \u00een care \u00een continuare dori\u021bi sa ne contactati, v\u0103 rugam sa face\u021bi acest lucru [&hellip;]","og_url":"https:\/\/ccsupport.biz\/ro\/contact\/","og_site_name":"CC Support","article_modified_time":"2015-12-14T15:04:25+00:00","schema":{"@context":"https:\/\/schema.org","@graph":[{"@type":"WebSite","@id":"https:\/\/ccsupport.biz\/#website","url":"https:\/\/ccsupport.biz\/","name":"CC Support","description":"","potentialAction":[{"@type":"SearchAction","target":{"@type":"EntryPoint","urlTemplate":"https:\/\/ccsupport.biz\/?s={search_term_string}"},"query-input":"required name=search_term_string"}],"inLanguage":"ro-RO"},{"@type":"WebPage","@id":"https:\/\/ccsupport.biz\/ro\/contact\/#webpage","url":"https:\/\/ccsupport.biz\/ro\/contact\/","name":"CONTACT - CC Support","isPartOf":{"@id":"https:\/\/ccsupport.biz\/#website"},"datePublished":"2015-03-25T14:58:26+00:00","dateModified":"2015-12-14T15:04:25+00:00","breadcrumb":{"@id":"https:\/\/ccsupport.biz\/ro\/contact\/#breadcrumb"},"inLanguage":"ro-RO","potentialAction":[{"@type":"ReadAction","target":["https:\/\/ccsupport.biz\/ro\/contact\/"]}]},{"@type":"BreadcrumbList","@id":"https:\/\/ccsupport.biz\/ro\/contact\/#breadcrumb","itemListElement":[{"@type":"ListItem","position":1,"name":"Home","item":"https:\/\/ccsupport.biz\/ro\/"},{"@type":"ListItem","position":2,"name":"CONTACT"}]}]}},"_links":{"self":[{"href":"https:\/\/ccsupport.biz\/ro\/wp-json\/wp\/v2\/pages\/48271"}],"collection":[{"href":"https:\/\/ccsupport.biz\/ro\/wp-json\/wp\/v2\/pages"}],"about":[{"href":"https:\/\/ccsupport.biz\/ro\/wp-json\/wp\/v2\/types\/page"}],"author":[{"embeddable":true,"href":"https:\/\/ccsupport.biz\/ro\/wp-json\/wp\/v2\/users\/2"}],"replies":[{"embeddable":true,"href":"https:\/\/ccsupport.biz\/ro\/wp-json\/wp\/v2\/comments?post=48271"}],"version-history":[{"count":0,"href":"https:\/\/ccsupport.biz\/ro\/wp-json\/wp\/v2\/pages\/48271\/revisions"}],"wp:attachment":[{"href":"https:\/\/ccsupport.biz\/ro\/wp-json\/wp\/v2\/media?parent=48271"}],"curies":[{"name":"wp","href":"https:\/\/api.w.org\/{rel}","templated":true}]}}